{"id":53830,"date":"2021-08-05T13:43:22","date_gmt":"2021-08-05T11:43:22","guid":{"rendered":"https:\/\/dudusite.iqdesk.xyz\/chaine-de-patisseries-boutique-dudu-outmezgine\/"},"modified":"2026-04-27T11:22:49","modified_gmt":"2026-04-27T09:22:49","slug":"chaine-de-patisseries-boutique-dudu-outmezgine","status":"publish","type":"page","link":"https:\/\/dudusite.iqdesk.xyz\/fr\/","title":{"rendered":"Cha\u00eene de p\u00e2tisseries boutique Dudu Outmezgine"},"content":{"rendered":"<div class=\"row show-for-small\"  id=\"row-981069634\">\n\n\n\t<div id=\"col-724006975\" class=\"col show-for-small small-12 large-12\"  >\n\t\t\t\t<div class=\"col-inner\"  >\n\t\t\t\n\t\t\t\n\n\t<div id=\"gap-558788532\" class=\"gap-element clearfix\" style=\"display:block; height:auto;\">\n\t\t\n<style>\n#gap-558788532 {\n  padding-top: 20px;\n}\n<\/style>\n\t<\/div>\n\t\n\n\n\t\t<\/div>\n\t\t\t\t\n<style>\n#col-724006975 > .col-inner {\n  margin: 0px 0px -30px 0px;\n}\n@media (min-width:550px) {\n  #col-724006975 > .col-inner {\n    margin: 0px 0px -30px 0px;\n  }\n}\n<\/style>\n\t<\/div>\n\n\t\n\n\n<style>\n#row-981069634 > .col > .col-inner {\n  padding: 0px 0px 0px 0px;\n}\n<\/style>\n<\/div>\n\t<div id=\"gap-867324658\" class=\"gap-element clearfix\" style=\"display:block; height:auto;\">\n\t\t\n<style>\n#gap-867324658 {\n  padding-top: 10px;\n}\n@media (min-width:550px) {\n  #gap-867324658 {\n    padding-top: 10px;\n  }\n}\n<\/style>\n\t<\/div>\n\t\n\n\n\n<video width=\"100%\" autoplay=\"\" muted=\"\" loop=\"\" playsinline=\"\">\n  <source src=\"https:\/\/duduoutmezgine.com\/wp-content\/uploads\/2025\/06\/%D7%91%D7%90%D7%A0%D7%A8-%D7%A8%D7%95%D7%97%D7%91-%D7%9E%D7%9B%D7%95%D7%95%D7%A5-1.mp4\" type=\"video\/mp4\">\n Votre navigateur ne prend pas en charge la vid\u00e9o.\n<\/source><\/video>\n\n<a href=\"https:\/\/duduoutmezgine.com\/shop\/?orderby=popularity\" class=\"button primary is-outline expand\"  >\n\t\t<span>Pour commander en retrait\/livraison<\/span>\n\t<i class=\"icon-heart\" aria-hidden=\"true\" ><\/i><\/a>\n\n\n<div class=\"container section-title-container\" style=\"margin-bottom:-10px;\"><h3 class=\"section-title section-title-center\"><b><\/b><span class=\"section-title-main\" >Nos recommandations<\/span><b><\/b><\/h3><\/div>\n\n\t<div id=\"gap-1635406812\" class=\"gap-element clearfix\" style=\"display:block; height:auto;\">\n\t\t\n<style>\n#gap-1635406812 {\n  padding-top: 30px;\n}\n<\/style>\n\t<\/div>\n\t\n\n<div class=\"row row-full-width\"  id=\"row-318810756\">\n\n\n\t<div id=\"col-1973407741\" class=\"col small-12 large-12\"  >\n\t\t\t\t<div class=\"col-inner text-center\"  >\n\t\t\t\n\t\t\t\n\n\t\n  \n    <div class=\"row  equalize-box large-columns-4 medium-columns-3 small-columns-2 row-small row-full-width slider row-slider slider-nav-circle slider-nav-push\"  data-flickity-options='{&quot;imagesLoaded&quot;: true, &quot;groupCells&quot;: &quot;100%&quot;, &quot;dragThreshold&quot; : 5, &quot;cellAlign&quot;: &quot;left&quot;,&quot;wrapAround&quot;: true,&quot;prevNextButtons&quot;: true,&quot;percentPosition&quot;: true,&quot;pageDots&quot;: true, &quot;rightToLeft&quot;: false, &quot;autoPlay&quot; : false}' >\n\n  <\/div>\n\n\n\t\t<\/div>\n\t\t\t\t\t<\/div>\n\n\t\n\n<\/div>\n\t<div class=\"img has-hover x md-x lg-x y md-y lg-y\" id=\"image_785929647\">\n\t\t<a class=\"\" href=\"https:\/\/www.keshet-teamim.co.il\/\" >\t\t\t\t\t\t<div class=\"img-inner dark\" >\n\t\t\t<img loading=\"lazy\" decoding=\"async\" width=\"1920\" height=\"200\" src=\"https:\/\/dudusite.iqdesk.xyz\/wp-content\/uploads\/2025\/07\/303611.68_dudu-atmuzgin_G_1920-\u00d7-200-1.webp\" class=\"attachment-original size-original not-transparent\" alt=\"\" srcset=\"https:\/\/dudusite.iqdesk.xyz\/wp-content\/uploads\/2025\/07\/303611.68_dudu-atmuzgin_G_1920-\u00d7-200-1.webp 1920w, https:\/\/dudusite.iqdesk.xyz\/wp-content\/uploads\/2025\/07\/303611.68_dudu-atmuzgin_G_1920-\u00d7-200-1-300x31.webp 300w, https:\/\/dudusite.iqdesk.xyz\/wp-content\/uploads\/2025\/07\/303611.68_dudu-atmuzgin_G_1920-\u00d7-200-1-1024x107.webp 1024w, https:\/\/dudusite.iqdesk.xyz\/wp-content\/uploads\/2025\/07\/303611.68_dudu-atmuzgin_G_1920-\u00d7-200-1-768x80.webp 768w, https:\/\/dudusite.iqdesk.xyz\/wp-content\/uploads\/2025\/07\/303611.68_dudu-atmuzgin_G_1920-\u00d7-200-1-1536x160.webp 1536w, https:\/\/dudusite.iqdesk.xyz\/wp-content\/uploads\/2025\/07\/303611.68_dudu-atmuzgin_G_1920-\u00d7-200-1-380x40.webp 380w, https:\/\/dudusite.iqdesk.xyz\/wp-content\/uploads\/2025\/07\/303611.68_dudu-atmuzgin_G_1920-\u00d7-200-1-530x55.webp 530w\" sizes=\"auto, (max-width: 1920px) 100vw, 1920px\" data-has-transparency=\"false\" data-dominant-color=\"dfdddc\" style=\"--dominant-color: #dfdddc;\" \/>\t\t\t\t\t\t\n\t\t\t\t\t<\/div>\n\t\t\t\t\t\t<\/a>\t\t\n<style>\n#image_785929647 {\n  width: 100%;\n}\n<\/style>\n\t<\/div>\n\t\n\n<div class=\"container section-title-container\" style=\"margin-bottom:-10px;\"><h3 class=\"section-title section-title-center\"><b><\/b><span class=\"section-title-main\" >Nouveau ! Coffrets cadeaux<\/span><b><\/b><\/h3><\/div>\n\n\t<div id=\"gap-1471510707\" class=\"gap-element clearfix\" style=\"display:block; height:auto;\">\n\t\t\n<style>\n#gap-1471510707 {\n  padding-top: 30px;\n}\n<\/style>\n\t<\/div>\n\t\n\n<div class=\"row\"  id=\"row-10100337\">\n\n\n\t<div id=\"col-1947196683\" class=\"col small-12 large-12\"  >\n\t\t\t\t<div class=\"col-inner text-center\"  >\n\t\t\t\n\t\t\t\n\n\t\n  \n    <div class=\"row large-columns-3 medium-columns- small-columns-1 row-small\" >\n  <\/div>\n\n<p class=\"lead\">\nCat\u00e9gorie coffrets cadeaux Notre boutique est disponible \u00e0 l&rsquo;achat avec livraison le jour m\u00eame et retrait en magasin<\/p>\n<a href=\"https:\/\/duduoutmezgine.com\/product-category\/%d7%9e%d7%90%d7%a8%d7%96%d7%99%d7%9d\/\" class=\"button primary is-outline\"  style=\"border-radius:99px;\">\n\t\t<span>Tous les coffrets<\/span>\n\t<\/a>\n\n\n<a href=\"https:\/\/duduoutmezgine.com\/businesses\/\" class=\"button primary\"  style=\"border-radius:99px;\">\n\t\t<span>Clients professionnels<\/span>\n\t<\/a>\n\n\n\n\t\t<\/div>\n\t\t\t\t\t<\/div>\n\n\t\n\n<\/div>\n<div class=\"row align-center\"  id=\"row-952822732\">\n\n\n\t<div id=\"col-1251208404\" class=\"col small-12 large-12\"  >\n\t\t\t\t<div class=\"col-inner text-center\"  >\n\t\t\t\n\t\t\t\n\n<div class=\"container section-title-container\" ><h3 class=\"section-title section-title-center\"><b><\/b><span class=\"section-title-main\" >Nos produits<\/span><b><\/b><\/h3><\/div>\n\n\n  \n    <div class=\"row large-columns-3 medium-columns- small-columns-2 row-small\" >\n  <\/div>\n\n\n\t\t<\/div>\n\t\t\t\t\t<\/div>\n\n\t\n\n<\/div>\n<div class=\"row\"  id=\"row-2097290605\">\n\n\n\t<div id=\"col-2088369543\" class=\"col small-12 large-12\"  >\n\t\t\t\t<div class=\"col-inner text-center\"  >\n\t\t\t\n\t\t\t\n\n<div class=\"container section-title-container\" style=\"margin-bottom:5px;\"><h3 class=\"section-title section-title-center\"><b><\/b><span class=\"section-title-main\" >Club clients - EXCLUSIVE CLUB<\/span><b><\/b><\/h3><\/div>\n\n\t<div id=\"text-208920684\" class=\"text\">\n\t\t\n\n<p>La cha\u00eene de p\u00e2tisseries boutique Dudu Outmezgine P\u00e2tisserie vous invite \u00e0 rejoindre le club clients exclusif et \u00e0 profiter d&rsquo;une vari\u00e9t\u00e9 d&rsquo;avantages, de r\u00e9ductions et de promotions.<\/p>\n<p>\n<\/p><p>\nAdh\u00e9sion gratuite et sans engagement, et d\u00e8s la fin de l&rsquo;inscription, vous recevrez 100 points de notre part.<br>Dans le cadre de votre adh\u00e9sion au club, vous pourrez accumuler des points \u00e0 chaque achat, profiter de points cadeaux le mois de votre anniversaire et \u00eatre les premiers \u00e0 recevoir des mises \u00e0 jour sur les nouveaux produits et les promotions.<\/p>\n<p>Vous pouvez \u00e0 tout moment suivre le nombre de points disponibles pour utilisation sous Mes points dans votre espace personnel.<br>De plus, seuls les membres du club pourront convertir des points en code promo et partager leurs points avec qui ils le souhaitent\n<\/p>\n\t\t\n<style>\n#text-208920684 {\n  text-align: center;\n}\n<\/style>\n\t<\/div>\n\t\n<a href=\"\/my-account\/#register_part\" class=\"button primary\"  style=\"border-radius:99px;\">\n\t\t<span>Pas encore membre du club ? Rejoignez-nous<\/span>\n\t<\/a>\n\n\n<a href=\"\/my-account\/#login_part\" class=\"button primary is-outline\"  style=\"border-radius:99px;\">\n\t\t<span>Clients membres du club ? Connexion au compte<\/span>\n\t<\/a>\n\n\n\n\t\t<\/div>\n\t\t\t\t\t<\/div>\n\n\t\n\n<\/div>\n\t<div id=\"gap-1315412600\" class=\"gap-element clearfix\" style=\"display:block; height:auto;\">\n\t\t\n<style>\n#gap-1315412600 {\n  padding-top: 30px;\n}\n<\/style>\n\t<\/div>\n\t\n\n<div class=\"row\"  id=\"row-1975126482\">\n\n\n\t<div id=\"col-35562210\" class=\"col small-12 large-12\"  >\n\t\t\t\t<div class=\"col-inner\"  >\n\t\t\t\n\t\t\t\n\n<div class=\"container section-title-container\" style=\"margin-bottom:5px;\"><h3 class=\"section-title section-title-center\"><b><\/b><span class=\"section-title-main\" >CHA\u00ceNE YOUTUBE<\/span><b><\/b><\/h3><\/div>\n\n\n  \n    <div class=\"row large-columns-3 medium-columns-1 small-columns-1 slider row-slider slider-nav-reveal slider-nav-push\"  data-flickity-options='{&quot;imagesLoaded&quot;: true, &quot;groupCells&quot;: &quot;100%&quot;, &quot;dragThreshold&quot; : 5, &quot;cellAlign&quot;: &quot;left&quot;,&quot;wrapAround&quot;: true,&quot;prevNextButtons&quot;: true,&quot;percentPosition&quot;: true,&quot;pageDots&quot;: false, &quot;rightToLeft&quot;: false, &quot;autoPlay&quot; : false}' >\n\n  <\/div>\n\n\n\t\t<\/div>\n\t\t\t\t\t<\/div>\n\n\t\n\n<\/div>\n\t<div id=\"gap-1588134558\" class=\"gap-element clearfix\" style=\"display:block; height:auto;\">\n\t\t\n<style>\n#gap-1588134558 {\n  padding-top: 30px;\n}\n<\/style>\n\t<\/div>\n\t","protected":false},"excerpt":{"rendered":"","protected":false},"author":1,"featured_media":0,"parent":0,"menu_order":0,"comment_status":"closed","ping_status":"closed","template":"page-blank.php","meta":{"footnotes":""},"class_list":["post-53830","page","type-page","status-publish","hentry"],"acf":[],"_links":{"self":[{"href":"https:\/\/dudusite.iqdesk.xyz\/fr\/wp-json\/wp\/v2\/pages\/53830","targetHints":{"allow":["GET"]}}],"collection":[{"href":"https:\/\/dudusite.iqdesk.xyz\/fr\/wp-json\/wp\/v2\/pages"}],"about":[{"href":"https:\/\/dudusite.iqdesk.xyz\/fr\/wp-json\/wp\/v2\/types\/page"}],"author":[{"embeddable":true,"href":"https:\/\/dudusite.iqdesk.xyz\/fr\/wp-json\/wp\/v2\/users\/1"}],"replies":[{"embeddable":true,"href":"https:\/\/dudusite.iqdesk.xyz\/fr\/wp-json\/wp\/v2\/comments?post=53830"}],"version-history":[{"count":2,"href":"https:\/\/dudusite.iqdesk.xyz\/fr\/wp-json\/wp\/v2\/pages\/53830\/revisions"}],"predecessor-version":[{"id":53888,"href":"https:\/\/dudusite.iqdesk.xyz\/fr\/wp-json\/wp\/v2\/pages\/53830\/revisions\/53888"}],"wp:attachment":[{"href":"https:\/\/dudusite.iqdesk.xyz\/fr\/wp-json\/wp\/v2\/media?parent=53830"}],"curies":[{"name":"wp","href":"https:\/\/api.w.org\/{rel}","templated":true}]}}