{"id":53761,"date":"2021-08-05T13:11:58","date_gmt":"2021-08-05T11:11:58","guid":{"rendered":"https:\/\/dudusite.iqdesk.xyz\/mon-compte\/"},"modified":"2026-04-26T08:37:36","modified_gmt":"2026-04-26T06:37:36","slug":"mon-compte","status":"publish","type":"page","link":"https:\/\/dudusite.iqdesk.xyz\/fr\/mon-compte\/","title":{"rendered":"Mon compte"},"content":{"rendered":"<div class=\"woocommerce\"><div class=\"woocommerce-notices-wrapper\"><\/div>\n<div class=\"account-container lightbox-inner\">\n\n\t\n\t<div class=\"col2-set row row-divided row-large\" id=\"customer_login\">\n\n\t\t<div class=\"col-1 large-6 col pb-0\">\n\n\t\t\t\n\t\t\t<div class=\"account-login-inner\">\n\n\t\t\t\t<h3 class=\"uppercase\">Se connecter<\/h3>\n\n\t\t\t\t<form class=\"woocommerce-form woocommerce-form-login login\" method=\"post\" novalidate>\n\n\t\t\t\t\t\n\t\t\t\t\t<p class=\"woocommerce-form-row woocommerce-form-row--wide form-row form-row-wide\">\n\t\t\t\t\t\t<label for=\"username\">Identifiant ou e-mail&nbsp;<span class=\"required\" aria-hidden=\"true\">*<\/span><span class=\"screen-reader-text\">Obligatoire<\/span><\/label>\n\t\t\t\t\t\t<input type=\"text\" class=\"woocommerce-Input woocommerce-Input--text input-text\" name=\"username\" id=\"username\" autocomplete=\"username\" value=\"\" required aria-required=\"true\" \/>\t\t\t\t\t<\/p>\n\t\t\t\t\t<p class=\"woocommerce-form-row woocommerce-form-row--wide form-row form-row-wide\">\n\t\t\t\t\t\t<label for=\"password\">Mot de passe&nbsp;<span class=\"required\" aria-hidden=\"true\">*<\/span><span class=\"screen-reader-text\">Obligatoire<\/span><\/label>\n\t\t\t\t\t\t<input class=\"woocommerce-Input woocommerce-Input--text input-text\" type=\"password\" name=\"password\" id=\"password\" autocomplete=\"current-password\" required aria-required=\"true\" \/>\n\t\t\t\t\t<\/p>\n\n\t\t\t\t\t\n\t\t\t\t\t<p class=\"form-row\">\n\t\t\t\t\t\t<label class=\"woocommerce-form__label woocommerce-form__label-for-checkbox woocommerce-form-login__rememberme\">\n\t\t\t\t\t\t\t<input class=\"woocommerce-form__input woocommerce-form__input-checkbox\" name=\"rememberme\" type=\"checkbox\" id=\"rememberme\" value=\"forever\" \/> <span>Se souvenir de moi<\/span>\n\t\t\t\t\t\t<\/label>\n\t\t\t\t\t\t<input type=\"hidden\" id=\"woocommerce-login-nonce\" name=\"woocommerce-login-nonce\" value=\"acb954fb17\" \/><input type=\"hidden\" name=\"_wp_http_referer\" value=\"\/fr\/wp-json\/wp\/v2\/pages\/53761\" \/>\t\t\t\t\t\t<button type=\"submit\" class=\"woocommerce-button button woocommerce-form-login__submit\" name=\"login\" value=\"Se connecter\">Se connecter<\/button>\n\t\t\t\t\t<\/p>\n\t\t\t\t\t<p class=\"woocommerce-LostPassword lost_password\">\n\t\t\t\t\t\t<a href=\"https:\/\/dudusite.iqdesk.xyz\/fr\/mon-compte\/lost-password\/\">Mot de passe perdu\u00a0?<\/a>\n\t\t\t\t\t<\/p>\n\n\t\t\t\t\t\n\t\t\t\t<\/form>\n\t\t\t<\/div>\n\n\t\t\t\n\t\t<\/div>\n\n\t\t<div class=\"col-2 large-6 col pb-0\">\n\n\t\t\t<div class=\"account-register-inner\">\n\n\t\t\t\t<h3 class=\"uppercase\">S\u2019inscrire<\/h3>\n\n\t\t\t\t<form method=\"post\" class=\"woocommerce-form woocommerce-form-register register\"  >\n\n\t\t\t\t\t\n  <p class=\"form-row form-row-first\">\n  <label for=\"reg_billing_first_name\">Pr\u00e9nom<span class=\"required\">*<\/span><\/label>\n  <input type=\"text\" class=\"input-text\" name=\"billing_first_name\" id=\"reg_billing_first_name\" value=\"\" \/>\n  <\/p>\n\n  <p class=\"form-row form-row-last\">\n  <label for=\"reg_billing_last_name\">Nom<span class=\"required\">*<\/span><\/label>\n  <input type=\"text\" class=\"input-text\" name=\"billing_last_name\" id=\"reg_billing_last_name\" value=\"\" \/>\n  <\/p>\n\n  <p class=\"form-row form-row-wide\">\n  <label for=\"reg_billing_phone\">T\u00e9l\u00e9phone<span class=\"required\">*<\/span><\/label>\n  <input type=\"text\" class=\"input-text\" name=\"billing_phone\" id=\"reg_billing_phone\" value=\"\" \/>\n  <\/p>\n\n  <div class=\"clear\"><\/div>\n\n  \n\t\t\t\t\t\n\t\t\t\t\t<p class=\"woocommerce-form-row woocommerce-form-row--wide form-row form-row-wide\">\n\t\t\t\t\t\t<label for=\"reg_email\">Adresse e-mail&nbsp;<span class=\"required\" aria-hidden=\"true\">*<\/span><span class=\"screen-reader-text\">Obligatoire<\/span><\/label>\n\t\t\t\t\t\t<input type=\"email\" class=\"woocommerce-Input woocommerce-Input--text input-text\" name=\"email\" id=\"reg_email\" autocomplete=\"email\" value=\"\" required aria-required=\"true\" \/>\t\t\t\t\t<\/p>\n\n\t\t\t\t\t\n\t\t\t\t\t\t<p>Un lien permettant de d\u00e9finir un nouveau mot de passe sera envoy\u00e9 \u00e0 votre adresse e-mail.<\/p>\n\n\t\t\t\t\t\n\t\t\t\t\t\n\t\t\t<p class=\"form-row form-row-wide\">\n\t\t\t\t<label for=\"yith_birthday\">\n\t\t\t\t\tDate de naissance\t\t\t\t<\/label>\n\t\t\t\t<input\n\t\t\t\t\ttype=\"text\"\n\t\t\t\t\tclass=\"input-text\"\n\t\t\t\t\tname=\"yith_birthday\"\n\t\t\t\t\tmaxlength=\"10\"\n\t\t\t\t\tplaceholder=\"DD\/MM\/YYYY\"\n\t\t\t\t\tpattern=\"(0[1-9]|1[0-9]|2[0-9]|3[01])\\\/(0[1-9]|1[012])\\\/([0-9]{4})\"\n\t\t\t\t\tvalue=\"\"\n\t\t\t\t\t\t\t\t\t\t\t\t\t\t\/>\n\n\t\t\t<\/p>\n\n\t\t\t    <p class=\"form-row form-row-wide\">\n        <label class=\"woocommerce-form__label woocommerce-form__label-for-checkbox checkbox\">\n            <input type=\"checkbox\" class=\"woocommerce-form__input-checkbox\" name=\"agree_terms_1\" id=\"agree_terms_1\" value=\"1\"  required  \/>\n          <span style=\"font-weight: 400;\"><span style=\"color:red\">* <\/span>\n\u05d4\u05e0\u05e0\u05d9 \u05de\u05d0\u05e9\u05e8 \u05db\u05d9 \u05e7\u05e8\u05d0\u05ea\u05d9 \u05d0\u05ea\n<strong><a href=\"https:\/\/duduoutmezgine.com\/wp-content\/uploads\/2025\/05\/terms.pdf\" target=\"_blank\">\u05ea\u05e7\u05e0\u05d5\u05df \u05d4\u05d0\u05ea\u05e8<\/a><\/strong> \u05d5\u05d0\u05ea\n<strong><a href=\"https:\/\/duduoutmezgine.com\/wp-content\/uploads\/2025\/05\/privacy.pdf\" target=\"_blank\">\u05de\u05d3\u05d9\u05e0\u05d9\u05d5\u05ea \u05d4\u05e4\u05e8\u05d8\u05d9\u05d5\u05ea<\/a><\/strong>\n<\/span>\n\n        <\/label>\n    <\/p>\n\n    <p class=\"form-row form-row-wide\">\n        <label class=\"woocommerce-form__label woocommerce-form__label-for-checkbox checkbox\">\n            <input type=\"checkbox\" class=\"woocommerce-form__input-checkbox\" name=\"agree_terms_2\" id=\"agree_terms_2\" value=\"1\"  required  \/>\n          <span style=\"font-weight: 400;\"><span style=\"color:red\">* <\/span>\u05d4\u05e0\u05e0\u05d9 \u05de\u05d0\u05e9\u05e8\/\u05ea \u05db\u05d9 \u05e7\u05d1\u05dc\u05ea \u05e2\u05d3\u05db\u05d5\u05e0\u05d9\u05dd \u05d5\u05d4\u05d8\u05d1\u05d5\u05ea \u05d1\u05d3\u05d5\u05d0\u05f4\u05dc \u05d5\u05d1\u05de\u05e1\u05e8\u05d5\u05e0\u05d9\u05dd (\u05e0\u05d9\u05ea\u05df \u05dc\u05d4\u05e4\u05e1\u05d9\u05e7 \u05d0\u05ea \u05e7\u05d1\u05dc\u05ea \u05d4\u05e2\u05d3\u05db\u05d5\u05e0\u05d9\u05dd \u05d1\u05db\u05dc \u05e2\u05ea)\n<strong><a href=\"https:\/\/duduoutmezgine.com\/wp-content\/uploads\/2025\/05\/cutomer.pdf\" target=\"_blank\">\u05ea\u05e7\u05e0\u05d5\u05df \u05de\u05d5\u05e2\u05d3\u05d5\u05df \u05dc\u05e7\u05d5\u05d7\u05d5\u05ea<\/a><\/strong>\n<\/span>\n\n        <\/label>\n    <\/p>\n    <wc-order-attribution-inputs><\/wc-order-attribution-inputs><div class=\"woocommerce-privacy-policy-text\"><p>\u05d4\u05e0\u05ea\u05d5\u05e0\u05d9\u05dd \u05d4\u05d0\u05d9\u05e9\u05d9\u05d9\u05dd \u05e9\u05dc\u05da \u05d9\u05e9\u05de\u05e9\u05d5 \u05dc\u05e2\u05d9\u05d1\u05d5\u05d3 \u05d4\u05d4\u05d6\u05de\u05e0\u05d4 \u05e9\u05dc\u05da, \u05dc\u05ea\u05de\u05d9\u05db\u05d4 \u05d1\u05d7\u05d5\u05d5\u05d9\u05d4 \u05e9\u05dc\u05da \u05d1\u05e8\u05d7\u05d1\u05d9 \u05d0\u05ea\u05e8 \u05d6\u05d4 \u05d5\u05dc\u05de\u05d8\u05e8\u05d5\u05ea \u05d0\u05d7\u05e8\u05d5\u05ea \u05d4\u05de\u05ea\u05d5\u05d0\u05e8\u05d5\u05ea \u05d1 <a href=\"https:\/\/dudusite.iqdesk.xyz\/privacy\/\" class=\"woocommerce-privacy-policy-link\" target=\"_blank\">politique de confidentialit\u00e9<\/a> \u05e9\u05dc\u05e0\u05d5.<\/p>\n<\/div>\n\t\t\t\t\t<p class=\"woocommerce-form-row form-row\">\n\t\t\t\t\t\t<input type=\"hidden\" id=\"woocommerce-register-nonce\" name=\"woocommerce-register-nonce\" value=\"ee0f3b5fc3\" \/><input type=\"hidden\" name=\"_wp_http_referer\" value=\"\/fr\/wp-json\/wp\/v2\/pages\/53761\" \/>\t\t\t\t\t\t<button type=\"submit\" class=\"woocommerce-Button woocommerce-button button woocommerce-form-register__submit\" name=\"register\" value=\"S\u2019inscrire\">S\u2019inscrire<\/button>\n\t\t\t\t\t<\/p>\n\n\t\t\t\t\t\n\t\t\t\t<\/form>\n\n\t\t\t<\/div>\n\n\t\t<\/div>\n\n\t<\/div>\n\n<\/div>\n\n<\/div>","protected":false},"excerpt":{"rendered":"","protected":false},"author":14161,"featured_media":0,"parent":0,"menu_order":0,"comment_status":"closed","ping_status":"closed","template":"","meta":{"footnotes":""},"class_list":["post-53761","page","type-page","status-publish","hentry"],"acf":[],"_links":{"self":[{"href":"https:\/\/dudusite.iqdesk.xyz\/fr\/wp-json\/wp\/v2\/pages\/53761","targetHints":{"allow":["GET"]}}],"collection":[{"href":"https:\/\/dudusite.iqdesk.xyz\/fr\/wp-json\/wp\/v2\/pages"}],"about":[{"href":"https:\/\/dudusite.iqdesk.xyz\/fr\/wp-json\/wp\/v2\/types\/page"}],"author":[{"embeddable":true,"href":"https:\/\/dudusite.iqdesk.xyz\/fr\/wp-json\/wp\/v2\/users\/14161"}],"replies":[{"embeddable":true,"href":"https:\/\/dudusite.iqdesk.xyz\/fr\/wp-json\/wp\/v2\/comments?post=53761"}],"version-history":[{"count":0,"href":"https:\/\/dudusite.iqdesk.xyz\/fr\/wp-json\/wp\/v2\/pages\/53761\/revisions"}],"wp:attachment":[{"href":"https:\/\/dudusite.iqdesk.xyz\/fr\/wp-json\/wp\/v2\/media?parent=53761"}],"curies":[{"name":"wp","href":"https:\/\/api.w.org\/{rel}","templated":true}]}}